{"id":11773,"date":"2022-11-23T00:50:24","date_gmt":"2022-11-22T22:50:24","guid":{"rendered":"https:\/\/staging-fnegeorg.kinsta.cloud\/?page_id=11773"},"modified":"2025-01-02T13:01:17","modified_gmt":"2025-01-02T11:01:17","slug":"higher-management-education-ecosystem","status":"publish","type":"page","link":"https:\/\/staging.fnege.org\/en\/higher-management-education-ecosystem\/","title":{"rendered":"Higher management education ecosystem"},"content":{"rendered":"\t\t<div data-elementor-type=\"wp-page\" data-elementor-id=\"11773\" class=\"elementor elementor-11773 elementor-1445\" data-elementor-post-type=\"page\">\n\t\t\t\t\t\t<section class=\"elementor-section elementor-top-section elementor-element elementor-element-661bfc2 elementor-section-boxed elementor-section-height-default elementor-section-height-default\" data-id=\"661bfc2\" data-element_type=\"section\">\n\t\t\t\t\t\t<div class=\"elementor-container elementor-column-gap-default\">\n\t\t\t\t\t<div class=\"elementor-column elementor-col-66 elementor-top-column elementor-element elementor-element-ca9e61e\" data-id=\"ca9e61e\" data-element_type=\"column\">\n\t\t\t<div class=\"elementor-widget-wrap elementor-element-populated\">\n\t\t\t\t\t\t<div class=\"elementor-element elementor-element-5033a4c elementor-widget elementor-widget-breadcrumbs\" data-id=\"5033a4c\" data-element_type=\"widget\" data-widget_type=\"breadcrumbs.default\">\n\t\t\t\t<div class=\"elementor-widget-container\">\n\t\t\t\t\t<p id=\"breadcrumbs\"><span><span><a href=\"https:\/\/staging.fnege.org\/en\/\">Accueil<\/a><\/span><\/span><\/p>\t\t\t\t<\/div>\n\t\t\t\t<\/div>\n\t\t\t\t<section class=\"elementor-section elementor-inner-section elementor-element elementor-element-738164e elementor-section-full_width elementor-section-height-default elementor-section-height-default\" data-id=\"738164e\" data-element_type=\"section\">\n\t\t\t\t\t\t<div class=\"elementor-container elementor-column-gap-default\">\n\t\t\t\t\t<div class=\"elementor-column elementor-col-100 elementor-inner-column elementor-element elementor-element-01114ca\" data-id=\"01114ca\" data-element_type=\"column\" data-settings=\"{&quot;background_background&quot;:&quot;classic&quot;}\">\n\t\t\t<div class=\"elementor-widget-wrap elementor-element-populated\">\n\t\t\t\t\t\t<div class=\"elementor-element elementor-element-419e319 elementor-widget__width-auto elementor-widget elementor-widget-heading\" data-id=\"419e319\" data-element_type=\"widget\" data-widget_type=\"heading.default\">\n\t\t\t\t<div class=\"elementor-widget-container\">\n\t\t\t\t\t<h1 class=\"elementor-heading-title elementor-size-default\">Higher management education ecosystem<\/h1>\t\t\t\t<\/div>\n\t\t\t\t<\/div>\n\t\t\t\t\t<\/div>\n\t\t<\/div>\n\t\t\t\t\t<\/div>\n\t\t<\/section>\n\t\t\t\t<div class=\"elementor-element elementor-element-d92d03e elementor-widget elementor-widget-text-editor\" data-id=\"d92d03e\" data-element_type=\"widget\" data-widget_type=\"text-editor.default\">\n\t\t\t\t<div class=\"elementor-widget-container\">\n\t\t\t\t\t\t\t\t\t<p>Sur cette page, vous trouverez des liens vers des institutions reconnues dans l&#8217;\u00e9cosyst\u00e8me de l&#8217;enseignement sup\u00e9rieur de gestion en France.<\/p>\n\t\t\t\t\t\t\t\t<\/div>\n\t\t\t\t<\/div>\n\t\t\t\t<div class=\"elementor-element elementor-element-1e587c7 elementor-grid-4 elementor-posts--thumbnail-top elementor-grid-tablet-2 elementor-grid-mobile-1 elementor-widget elementor-widget-posts\" data-id=\"1e587c7\" data-element_type=\"widget\" data-settings=\"{&quot;custom_columns&quot;:&quot;4&quot;,&quot;custom_columns_tablet&quot;:&quot;2&quot;,&quot;custom_columns_mobile&quot;:&quot;1&quot;,&quot;custom_row_gap&quot;:{&quot;unit&quot;:&quot;px&quot;,&quot;size&quot;:35,&quot;sizes&quot;:[]},&quot;custom_row_gap_tablet&quot;:{&quot;unit&quot;:&quot;px&quot;,&quot;size&quot;:&quot;&quot;,&quot;sizes&quot;:[]},&quot;custom_row_gap_mobile&quot;:{&quot;unit&quot;:&quot;px&quot;,&quot;size&quot;:&quot;&quot;,&quot;sizes&quot;:[]}}\" data-widget_type=\"posts.custom\">\n\t\t\t\t<div class=\"elementor-widget-container\">\n\t\t\t\t\t      <div class=\"ecs-posts elementor-posts-container elementor-posts   elementor-grid elementor-posts--skin-custom\" data-settings=\"{&quot;current_page&quot;:1,&quot;max_num_pages&quot;:0,&quot;load_method&quot;:&quot;numbers_and_prev_next&quot;,&quot;widget_id&quot;:&quot;1e587c7&quot;,&quot;post_id&quot;:11773,&quot;theme_id&quot;:11773,&quot;change_url&quot;:false,&quot;reinit_js&quot;:false}\">\n      <div class=\"elementor-posts-nothing-found\"><\/div>\t\t<\/div>\n\t\t\t\t\t\t<\/div>\n\t\t\t\t<\/div>\n\t\t\t\t\t<\/div>\n\t\t<\/div>\n\t\t\t\t<div class=\"elementor-column elementor-col-33 elementor-top-column elementor-element elementor-element-7c83f85\" data-id=\"7c83f85\" data-element_type=\"column\">\n\t\t\t<div class=\"elementor-widget-wrap elementor-element-populated\">\n\t\t\t\t\t\t<section class=\"elementor-section elementor-inner-section elementor-element elementor-element-b284d95 elementor-section-boxed elementor-section-height-default elementor-section-height-default\" data-id=\"b284d95\" data-element_type=\"section\">\n\t\t\t\t\t\t<div class=\"elementor-container elementor-column-gap-default\">\n\t\t\t\t\t<div class=\"elementor-column elementor-col-100 elementor-inner-column elementor-element elementor-element-000a845\" data-id=\"000a845\" data-element_type=\"column\" data-settings=\"{&quot;background_background&quot;:&quot;classic&quot;}\">\n\t\t\t<div class=\"elementor-widget-wrap elementor-element-populated\">\n\t\t\t\t\t\t<div class=\"elementor-element elementor-element-f977b40 elementor-widget__width-auto elementor-widget elementor-widget-heading\" data-id=\"f977b40\" data-element_type=\"widget\" data-widget_type=\"heading.default\">\n\t\t\t\t<div class=\"elementor-widget-container\">\n\t\t\t\t\t<h2 class=\"elementor-heading-title elementor-size-default\">Actualit\u00e9s R\u00e9seau<\/h2>\t\t\t\t<\/div>\n\t\t\t\t<\/div>\n\t\t\t\t\t<\/div>\n\t\t<\/div>\n\t\t\t\t\t<\/div>\n\t\t<\/section>\n\t\t\t\t<div class=\"elementor-element elementor-element-2e73062 elementor-grid-1 elementor-grid-tablet-1 elementor-posts--thumbnail-top elementor-grid-mobile-1 elementor-widget elementor-widget-posts\" data-id=\"2e73062\" data-element_type=\"widget\" data-settings=\"{&quot;custom_columns&quot;:&quot;1&quot;,&quot;custom_columns_tablet&quot;:&quot;1&quot;,&quot;custom_columns_mobile&quot;:&quot;1&quot;,&quot;custom_row_gap&quot;:{&quot;unit&quot;:&quot;px&quot;,&quot;size&quot;:35,&quot;sizes&quot;:[]},&quot;custom_row_gap_tablet&quot;:{&quot;unit&quot;:&quot;px&quot;,&quot;size&quot;:&quot;&quot;,&quot;sizes&quot;:[]},&quot;custom_row_gap_mobile&quot;:{&quot;unit&quot;:&quot;px&quot;,&quot;size&quot;:&quot;&quot;,&quot;sizes&quot;:[]}}\" data-widget_type=\"posts.custom\">\n\t\t\t\t<div class=\"elementor-widget-container\">\n\t\t\t\t\t      <div class=\"ecs-posts elementor-posts-container elementor-posts   elementor-grid elementor-posts--skin-custom\" data-settings=\"{&quot;current_page&quot;:1,&quot;max_num_pages&quot;:&quot;5&quot;,&quot;load_method&quot;:&quot;&quot;,&quot;widget_id&quot;:&quot;2e73062&quot;,&quot;post_id&quot;:11773,&quot;theme_id&quot;:11773,&quot;change_url&quot;:false,&quot;reinit_js&quot;:false}\">\n      \t\t<article id=\"post-79325\" class=\"elementor-post elementor-grid-item ecs-post-loop post-79325 appel_communication type-appel_communication status-publish has-post-thumbnail hentry\">\n\t\t\t\t<div data-elementor-type=\"loop\" data-elementor-id=\"12184\" class=\"elementor elementor-12184 elementor-349 post-79325 appel_communication type-appel_communication status-publish has-post-thumbnail hentry\" data-elementor-post-type=\"elementor_library\">\n\t\t\t<style>#post-79325 .elementor-12184 .elementor-element.elementor-element-c001464:not(.elementor-motion-effects-element-type-background), #post-79325 .elementor-12184 .elementor-element.elementor-element-c001464 > .elementor-motion-effects-container > .elementor-motion-effects-layer{background-image: url(\"https:\/\/staging.fnege.org\/wp-content\/uploads\/2025\/12\/Capture-decran-2025-12-22-a-09.26.29.png\");}<\/style>\t\t<section class=\"elementor-section elementor-top-section elementor-element elementor-element-c001464 elementor-section-height-min-height elementor-section-items-stretch elementor-section-content-bottom encart elementor-section-boxed elementor-section-height-default\" data-id=\"c001464\" data-element_type=\"section\" data-settings=\"{&quot;background_background&quot;:&quot;classic&quot;}\">\n\t\t\t\t\t\t\t<div class=\"elementor-background-overlay\"><\/div>\n\t\t\t\t\t\t\t<div class=\"elementor-container elementor-column-gap-default\">\n\t\t\t\t\t<div class=\"make-column-clickable-elementor elementor-column elementor-col-100 elementor-top-column elementor-element elementor-element-9f2a3e8\" style=\"cursor: pointer;\" data-column-clickable=\"https:\/\/staging.fnege.org\/en\/appel_communication\/prendre-soin-pour-transformer-care-management-innovation-responsable-et-nouveaux-visages-de-la-rse\/\" data-column-clickable-blank=\"_self\" data-id=\"9f2a3e8\" data-element_type=\"column\" data-settings=\"{&quot;background_background&quot;:&quot;classic&quot;}\">\n\t\t\t<div class=\"elementor-widget-wrap elementor-element-populated\">\n\t\t\t\t\t<div class=\"elementor-background-overlay\"><\/div>\n\t\t\t\t<!-- dce invisible element 2ba5d71 --><!-- dce invisible element 4253d28 -->\t\t<div class=\"dce-visibility-event elementor-element elementor-element-857dabd elementor-widget__width-auto elementor-widget elementor-widget-post-info\" data-id=\"857dabd\" data-element_type=\"widget\" data-settings=\"{&quot;enabled_visibility&quot;:&quot;yes&quot;,&quot;dce_visibility_selected&quot;:&quot;yes&quot;}\" data-widget_type=\"post-info.default\">\n\t\t\t\t<div class=\"elementor-widget-container\">\n\t\t\t\t\t\t\t<ul class=\"elementor-inline-items elementor-icon-list-items elementor-post-info\">\n\t\t\t\t\t\t\t\t<li class=\"elementor-icon-list-item elementor-repeater-item-3e022af elementor-inline-item\">\n\t\t\t\t\t\t\t\t\t\t\t\t\t<span class=\"elementor-icon-list-text elementor-post-info__item elementor-post-info__item--type-custom\">\n\t\t\t\t\t\t\t\t\t\tCalls for papers\t\t\t\t\t<\/span>\n\t\t\t\t\t\t\t\t<\/li>\n\t\t\t\t<\/ul>\n\t\t\t\t\t\t<\/div>\n\t\t\t\t<\/div>\n\t\t<!-- dce invisible element 677e495 --><!-- dce invisible element c738335 --><!-- dce invisible element 4439d9b -->\t\t<div class=\"elementor-element elementor-element-6541b96 elementor-widget__width-auto elementor-widget elementor-widget-heading\" data-id=\"6541b96\" data-element_type=\"widget\" data-widget_type=\"heading.default\">\n\t\t\t\t<div class=\"elementor-widget-container\">\n\t\t\t\t\t<span class=\"elementor-heading-title elementor-size-default\">22 December 2025<\/span>\t\t\t\t<\/div>\n\t\t\t\t<\/div>\n\t\t\t\t<div class=\"elementor-element elementor-element-fcef835 elementor-widget elementor-widget-heading\" data-id=\"fcef835\" data-element_type=\"widget\" data-widget_type=\"heading.default\">\n\t\t\t\t<div class=\"elementor-widget-container\">\n\t\t\t\t\t<h3 class=\"elementor-heading-title elementor-size-default\">Prendre soin pour transformer : Care management, innovation responsable et nouveaux visages de la RSE<\/h3>\t\t\t\t<\/div>\n\t\t\t\t<\/div>\n\t\t\t\t\t<\/div>\n\t\t<\/div>\n\t\t\t\t\t<\/div>\n\t\t<\/section>\n\t\t\t\t<\/div>\n\t\t\t\t<\/article>\n\t\t\t\t<article id=\"post-79304\" class=\"elementor-post elementor-grid-item ecs-post-loop post-79304 appel_communication type-appel_communication status-publish has-post-thumbnail hentry thematiques-gestion-des-ressources-humaines thematiques-histoire-des-entreprises thematiques-management-strategique-et-organisation thematiques-sciences-de-gestion\">\n\t\t\t\t<div data-elementor-type=\"loop\" data-elementor-id=\"12184\" class=\"elementor elementor-12184 elementor-349 post-79304 appel_communication type-appel_communication status-publish has-post-thumbnail hentry thematiques-gestion-des-ressources-humaines thematiques-histoire-des-entreprises thematiques-management-strategique-et-organisation thematiques-sciences-de-gestion\" data-elementor-post-type=\"elementor_library\">\n\t\t\t<style>#post-79304 .elementor-12184 .elementor-element.elementor-element-c001464:not(.elementor-motion-effects-element-type-background), #post-79304 .elementor-12184 .elementor-element.elementor-element-c001464 > .elementor-motion-effects-container > .elementor-motion-effects-layer{background-image: url(\"https:\/\/staging.fnege.org\/wp-content\/uploads\/2025\/12\/CfC-694403b05dc0a.jpg\");}<\/style>\t\t<section class=\"elementor-section elementor-top-section elementor-element elementor-element-c001464 elementor-section-height-min-height elementor-section-items-stretch elementor-section-content-bottom encart elementor-section-boxed elementor-section-height-default\" data-id=\"c001464\" data-element_type=\"section\" data-settings=\"{&quot;background_background&quot;:&quot;classic&quot;}\">\n\t\t\t\t\t\t\t<div class=\"elementor-background-overlay\"><\/div>\n\t\t\t\t\t\t\t<div class=\"elementor-container elementor-column-gap-default\">\n\t\t\t\t\t<div class=\"make-column-clickable-elementor elementor-column elementor-col-100 elementor-top-column elementor-element elementor-element-9f2a3e8\" style=\"cursor: pointer;\" data-column-clickable=\"https:\/\/staging.fnege.org\/en\/appel_communication\/call-for-chapters-cfc-research-handbook-on-religious-identity-in-the-workplace\/\" data-column-clickable-blank=\"_self\" data-id=\"9f2a3e8\" data-element_type=\"column\" data-settings=\"{&quot;background_background&quot;:&quot;classic&quot;}\">\n\t\t\t<div class=\"elementor-widget-wrap elementor-element-populated\">\n\t\t\t\t\t<div class=\"elementor-background-overlay\"><\/div>\n\t\t\t\t<!-- dce invisible element 2ba5d71 --><!-- dce invisible element 4253d28 -->\t\t<div class=\"dce-visibility-event elementor-element elementor-element-857dabd elementor-widget__width-auto elementor-widget elementor-widget-post-info\" data-id=\"857dabd\" data-element_type=\"widget\" data-settings=\"{&quot;enabled_visibility&quot;:&quot;yes&quot;,&quot;dce_visibility_selected&quot;:&quot;yes&quot;}\" data-widget_type=\"post-info.default\">\n\t\t\t\t<div class=\"elementor-widget-container\">\n\t\t\t\t\t\t\t<ul class=\"elementor-inline-items elementor-icon-list-items elementor-post-info\">\n\t\t\t\t\t\t\t\t<li class=\"elementor-icon-list-item elementor-repeater-item-3e022af elementor-inline-item\">\n\t\t\t\t\t\t\t\t\t\t\t\t\t<span class=\"elementor-icon-list-text elementor-post-info__item elementor-post-info__item--type-custom\">\n\t\t\t\t\t\t\t\t\t\tCalls for papers\t\t\t\t\t<\/span>\n\t\t\t\t\t\t\t\t<\/li>\n\t\t\t\t<\/ul>\n\t\t\t\t\t\t<\/div>\n\t\t\t\t<\/div>\n\t\t<!-- dce invisible element 677e495 --><!-- dce invisible element c738335 --><!-- dce invisible element 4439d9b -->\t\t<div class=\"elementor-element elementor-element-6541b96 elementor-widget__width-auto elementor-widget elementor-widget-heading\" data-id=\"6541b96\" data-element_type=\"widget\" data-widget_type=\"heading.default\">\n\t\t\t\t<div class=\"elementor-widget-container\">\n\t\t\t\t\t<span class=\"elementor-heading-title elementor-size-default\">19 December 2025<\/span>\t\t\t\t<\/div>\n\t\t\t\t<\/div>\n\t\t\t\t<div class=\"elementor-element elementor-element-fcef835 elementor-widget elementor-widget-heading\" data-id=\"fcef835\" data-element_type=\"widget\" data-widget_type=\"heading.default\">\n\t\t\t\t<div class=\"elementor-widget-container\">\n\t\t\t\t\t<h3 class=\"elementor-heading-title elementor-size-default\">Call for Chapters (CfC) &#8211; Research Handbook on Religious Identity in the Workplace<\/h3>\t\t\t\t<\/div>\n\t\t\t\t<\/div>\n\t\t\t\t\t<\/div>\n\t\t<\/div>\n\t\t\t\t\t<\/div>\n\t\t<\/section>\n\t\t\t\t<\/div>\n\t\t\t\t<\/article>\n\t\t\t\t<\/div>\n\t\t\t\t\t\t<\/div>\n\t\t\t\t<\/div>\n\t\t\t\t\t<\/div>\n\t\t<\/div>\n\t\t\t\t\t<\/div>\n\t\t<\/section>\n\t\t\t\t<\/div>\n\t\t","protected":false},"excerpt":{"rendered":"<p>Sur cette page, vous trouverez des liens vers des institutions reconnues dans l&#8217;\u00e9cosyst\u00e8me de l&#8217;enseignement sup\u00e9rieur de gestion en France. Actualit\u00e9s R\u00e9seau<\/p>\n","protected":false},"author":2,"featured_media":0,"parent":0,"menu_order":0,"comment_status":"closed","ping_status":"open","template":"","meta":{"_acf_changed":false,"inline_featured_image":false,"footnotes":""},"class_list":["post-11773","page","type-page","status-publish","hentry"],"acf":[],"publishpress_future_action":{"enabled":false,"date":"2026-04-16 10:51:53","action":"change-status","newStatus":"draft","terms":[],"taxonomy":"translation_priority"},"publishpress_future_workflow_manual_trigger":{"enabledWorkflows":[]},"_links":{"self":[{"href":"https:\/\/staging.fnege.org\/en\/wp-json\/wp\/v2\/pages\/11773","targetHints":{"allow":["GET"]}}],"collection":[{"href":"https:\/\/staging.fnege.org\/en\/wp-json\/wp\/v2\/pages"}],"about":[{"href":"https:\/\/staging.fnege.org\/en\/wp-json\/wp\/v2\/types\/page"}],"author":[{"embeddable":true,"href":"https:\/\/staging.fnege.org\/en\/wp-json\/wp\/v2\/users\/2"}],"replies":[{"embeddable":true,"href":"https:\/\/staging.fnege.org\/en\/wp-json\/wp\/v2\/comments?post=11773"}],"version-history":[{"count":4,"href":"https:\/\/staging.fnege.org\/en\/wp-json\/wp\/v2\/pages\/11773\/revisions"}],"predecessor-version":[{"id":75708,"href":"https:\/\/staging.fnege.org\/en\/wp-json\/wp\/v2\/pages\/11773\/revisions\/75708"}],"wp:attachment":[{"href":"https:\/\/staging.fnege.org\/en\/wp-json\/wp\/v2\/media?parent=11773"}],"curies":[{"name":"wp","href":"https:\/\/api.w.org\/{rel}","templated":true}]}}