{"id":11731,"date":"2022-11-23T00:29:35","date_gmt":"2022-11-22T22:29:35","guid":{"rendered":"https:\/\/staging-fnegeorg.kinsta.cloud\/?page_id=11731"},"modified":"2025-01-02T12:59:23","modified_gmt":"2025-01-02T10:59:23","slug":"scientific-college","status":"publish","type":"page","link":"https:\/\/staging.fnege.org\/en\/scientific-college\/","title":{"rendered":"Management Science Board"},"content":{"rendered":"\t\t<div data-elementor-type=\"wp-page\" data-elementor-id=\"11731\" class=\"elementor elementor-11731 elementor-1420\" data-elementor-post-type=\"page\">\n\t\t\t\t\t\t<section class=\"elementor-section elementor-top-section elementor-element elementor-element-60a6dc02 elementor-section-boxed elementor-section-height-default elementor-section-height-default\" data-id=\"60a6dc02\" data-element_type=\"section\">\n\t\t\t\t\t\t<div class=\"elementor-container elementor-column-gap-default\">\n\t\t\t\t\t<div class=\"elementor-column elementor-col-66 elementor-top-column elementor-element elementor-element-1f0825d9\" data-id=\"1f0825d9\" data-element_type=\"column\">\n\t\t\t<div class=\"elementor-widget-wrap elementor-element-populated\">\n\t\t\t\t\t\t<div class=\"elementor-element elementor-element-b03cf29 elementor-widget elementor-widget-woocommerce-breadcrumb\" data-id=\"b03cf29\" data-element_type=\"widget\" data-widget_type=\"woocommerce-breadcrumb.default\">\n\t\t\t\t<div class=\"elementor-widget-container\">\n\t\t\t\t\t<nav class=\"woocommerce-breadcrumb\" aria-label=\"Breadcrumb\">Home<\/nav>\t\t\t\t<\/div>\n\t\t\t\t<\/div>\n\t\t\t\t<section class=\"elementor-section elementor-inner-section elementor-element elementor-element-14293e27 elementor-section-full_width elementor-section-height-default elementor-section-height-default\" data-id=\"14293e27\" data-element_type=\"section\">\n\t\t\t\t\t\t<div class=\"elementor-container elementor-column-gap-default\">\n\t\t\t\t\t<div class=\"elementor-column elementor-col-100 elementor-inner-column elementor-element elementor-element-2917efba\" data-id=\"2917efba\" data-element_type=\"column\" data-settings=\"{&quot;background_background&quot;:&quot;classic&quot;}\">\n\t\t\t<div class=\"elementor-widget-wrap elementor-element-populated\">\n\t\t\t\t\t\t<div class=\"elementor-element elementor-element-7eda07de elementor-widget__width-auto elementor-widget elementor-widget-heading\" data-id=\"7eda07de\" data-element_type=\"widget\" data-widget_type=\"heading.default\">\n\t\t\t\t<div class=\"elementor-widget-container\">\n\t\t\t\t\t<h1 class=\"elementor-heading-title elementor-size-default\">Management Science Board<\/h1>\t\t\t\t<\/div>\n\t\t\t\t<\/div>\n\t\t\t\t\t<\/div>\n\t\t<\/div>\n\t\t\t\t\t<\/div>\n\t\t<\/section>\n\t\t\t\t<div class=\"elementor-element elementor-element-607d3f05 elementor-widget elementor-widget-text-editor\" data-id=\"607d3f05\" data-element_type=\"widget\" data-widget_type=\"text-editor.default\">\n\t\t\t\t<div class=\"elementor-widget-container\">\n\t\t\t\t\t\t\t\t\t<p>The FNEGE brings together the chairpersons of the various management science associations in a Management Science Board.<\/p><p>The Management Science Board meets in a plenary session twice a year and coordinates projects such as:\u00a0\u00a0\u00a0\u00a0\u00a0\u00a0\u00a0\u00a0\u00a0<\/p><ul><li>The ranking of management science journals<\/li><li>The organization of best thesis prizes and book awards<\/li><li>Support for the FNEGE&#8217;s CEFAG program, training courses, webinars, etc.<\/li><\/ul><p>In June 2022, the Management Science Board published a <a href=\"https:\/\/www.calameo.com\/read\/00193017186b85a4e1de9\">paper outlining the management science position on self-plagiarism.<\/a><\/p>\t\t\t\t\t\t\t\t<\/div>\n\t\t\t\t<\/div>\n\t\t\t\t<div class=\"elementor-element elementor-element-59f0b38f elementor-grid-4 elementor-posts--thumbnail-top elementor-grid-tablet-2 elementor-grid-mobile-1 elementor-widget elementor-widget-posts\" data-id=\"59f0b38f\" data-element_type=\"widget\" data-settings=\"{&quot;custom_columns&quot;:&quot;4&quot;,&quot;custom_row_gap&quot;:{&quot;unit&quot;:&quot;px&quot;,&quot;size&quot;:&quot;&quot;,&quot;sizes&quot;:[]},&quot;custom_columns_tablet&quot;:&quot;2&quot;,&quot;custom_columns_mobile&quot;:&quot;1&quot;,&quot;custom_row_gap_tablet&quot;:{&quot;unit&quot;:&quot;px&quot;,&quot;size&quot;:&quot;&quot;,&quot;sizes&quot;:[]},&quot;custom_row_gap_mobile&quot;:{&quot;unit&quot;:&quot;px&quot;,&quot;size&quot;:&quot;&quot;,&quot;sizes&quot;:[]}}\" data-widget_type=\"posts.custom\">\n\t\t\t\t<div class=\"elementor-widget-container\">\n\t\t\t\t\t      <div class=\"ecs-posts elementor-posts-container elementor-posts   elementor-grid elementor-posts--skin-custom\" data-settings=\"{&quot;current_page&quot;:1,&quot;max_num_pages&quot;:0,&quot;load_method&quot;:&quot;&quot;,&quot;widget_id&quot;:&quot;59f0b38f&quot;,&quot;post_id&quot;:11731,&quot;theme_id&quot;:11731,&quot;change_url&quot;:false,&quot;reinit_js&quot;:false}\">\n      <div class=\"elementor-posts-nothing-found\"><\/div>\t\t<\/div>\n\t\t\t\t\t\t<\/div>\n\t\t\t\t<\/div>\n\t\t\t\t<div class=\"elementor-element elementor-element-424222ba elementor-widget elementor-widget-spacer\" data-id=\"424222ba\" data-element_type=\"widget\" data-widget_type=\"spacer.default\">\n\t\t\t\t<div class=\"elementor-widget-container\">\n\t\t\t\t\t\t\t<div class=\"elementor-spacer\">\n\t\t\t<div class=\"elementor-spacer-inner\"><\/div>\n\t\t<\/div>\n\t\t\t\t\t\t<\/div>\n\t\t\t\t<\/div>\n\t\t\t\t\t<\/div>\n\t\t<\/div>\n\t\t\t\t<div class=\"elementor-column elementor-col-33 elementor-top-column elementor-element elementor-element-2202d9ac\" data-id=\"2202d9ac\" data-element_type=\"column\">\n\t\t\t<div class=\"elementor-widget-wrap elementor-element-populated\">\n\t\t\t\t\t\t<section class=\"elementor-section elementor-inner-section elementor-element elementor-element-795cb9bf elementor-section-boxed elementor-section-height-default elementor-section-height-default\" data-id=\"795cb9bf\" data-element_type=\"section\">\n\t\t\t\t\t\t<div class=\"elementor-container elementor-column-gap-default\">\n\t\t\t\t\t<div class=\"elementor-column elementor-col-100 elementor-inner-column elementor-element elementor-element-16f51f0c\" data-id=\"16f51f0c\" data-element_type=\"column\" data-settings=\"{&quot;background_background&quot;:&quot;classic&quot;}\">\n\t\t\t<div class=\"elementor-widget-wrap elementor-element-populated\">\n\t\t\t\t\t\t<div class=\"elementor-element elementor-element-fd1542e elementor-widget__width-auto elementor-widget elementor-widget-heading\" data-id=\"fd1542e\" data-element_type=\"widget\" data-widget_type=\"heading.default\">\n\t\t\t\t<div class=\"elementor-widget-container\">\n\t\t\t\t\t<h2 class=\"elementor-heading-title elementor-size-default\">Latest news<\/h2>\t\t\t\t<\/div>\n\t\t\t\t<\/div>\n\t\t\t\t\t<\/div>\n\t\t<\/div>\n\t\t\t\t\t<\/div>\n\t\t<\/section>\n\t\t\t\t<div class=\"elementor-element elementor-element-617d6f71 elementor-grid-1 elementor-grid-tablet-1 elementor-posts--thumbnail-top elementor-grid-mobile-1 elementor-widget elementor-widget-posts\" data-id=\"617d6f71\" data-element_type=\"widget\" data-settings=\"{&quot;custom_columns&quot;:&quot;1&quot;,&quot;custom_columns_tablet&quot;:&quot;1&quot;,&quot;custom_columns_mobile&quot;:&quot;1&quot;,&quot;custom_row_gap&quot;:{&quot;unit&quot;:&quot;px&quot;,&quot;size&quot;:35,&quot;sizes&quot;:[]},&quot;custom_row_gap_tablet&quot;:{&quot;unit&quot;:&quot;px&quot;,&quot;size&quot;:&quot;&quot;,&quot;sizes&quot;:[]},&quot;custom_row_gap_mobile&quot;:{&quot;unit&quot;:&quot;px&quot;,&quot;size&quot;:&quot;&quot;,&quot;sizes&quot;:[]}}\" data-widget_type=\"posts.custom\">\n\t\t\t\t<div class=\"elementor-widget-container\">\n\t\t\t\t\t      <div class=\"ecs-posts elementor-posts-container elementor-posts   elementor-grid elementor-posts--skin-custom\" data-settings=\"{&quot;current_page&quot;:1,&quot;max_num_pages&quot;:&quot;5&quot;,&quot;load_method&quot;:&quot;&quot;,&quot;widget_id&quot;:&quot;617d6f71&quot;,&quot;post_id&quot;:11731,&quot;theme_id&quot;:11731,&quot;change_url&quot;:false,&quot;reinit_js&quot;:false}\">\n      \t\t<article id=\"post-79325\" class=\"elementor-post elementor-grid-item ecs-post-loop post-79325 appel_communication type-appel_communication status-publish has-post-thumbnail hentry\">\n\t\t\t\t<div data-elementor-type=\"loop\" data-elementor-id=\"12184\" class=\"elementor elementor-12184 elementor-349 post-79325 appel_communication type-appel_communication status-publish has-post-thumbnail hentry\" data-elementor-post-type=\"elementor_library\">\n\t\t\t<style>#post-79325 .elementor-12184 .elementor-element.elementor-element-c001464:not(.elementor-motion-effects-element-type-background), #post-79325 .elementor-12184 .elementor-element.elementor-element-c001464 > .elementor-motion-effects-container > .elementor-motion-effects-layer{background-image: url(\"https:\/\/staging.fnege.org\/wp-content\/uploads\/2025\/12\/Capture-decran-2025-12-22-a-09.26.29.png\");}<\/style>\t\t<section class=\"elementor-section elementor-top-section elementor-element elementor-element-c001464 elementor-section-height-min-height elementor-section-items-stretch elementor-section-content-bottom encart elementor-section-boxed elementor-section-height-default\" data-id=\"c001464\" data-element_type=\"section\" data-settings=\"{&quot;background_background&quot;:&quot;classic&quot;}\">\n\t\t\t\t\t\t\t<div class=\"elementor-background-overlay\"><\/div>\n\t\t\t\t\t\t\t<div class=\"elementor-container elementor-column-gap-default\">\n\t\t\t\t\t<div class=\"make-column-clickable-elementor elementor-column elementor-col-100 elementor-top-column elementor-element elementor-element-9f2a3e8\" style=\"cursor: pointer;\" data-column-clickable=\"https:\/\/staging.fnege.org\/en\/appel_communication\/prendre-soin-pour-transformer-care-management-innovation-responsable-et-nouveaux-visages-de-la-rse\/\" data-column-clickable-blank=\"_self\" data-id=\"9f2a3e8\" data-element_type=\"column\" data-settings=\"{&quot;background_background&quot;:&quot;classic&quot;}\">\n\t\t\t<div class=\"elementor-widget-wrap elementor-element-populated\">\n\t\t\t\t\t<div class=\"elementor-background-overlay\"><\/div>\n\t\t\t\t<!-- dce invisible element 2ba5d71 --><!-- dce invisible element 4253d28 -->\t\t<div class=\"dce-visibility-event elementor-element elementor-element-857dabd elementor-widget__width-auto elementor-widget elementor-widget-post-info\" data-id=\"857dabd\" data-element_type=\"widget\" data-settings=\"{&quot;enabled_visibility&quot;:&quot;yes&quot;,&quot;dce_visibility_selected&quot;:&quot;yes&quot;}\" data-widget_type=\"post-info.default\">\n\t\t\t\t<div class=\"elementor-widget-container\">\n\t\t\t\t\t\t\t<ul class=\"elementor-inline-items elementor-icon-list-items elementor-post-info\">\n\t\t\t\t\t\t\t\t<li class=\"elementor-icon-list-item elementor-repeater-item-3e022af elementor-inline-item\">\n\t\t\t\t\t\t\t\t\t\t\t\t\t<span class=\"elementor-icon-list-text elementor-post-info__item elementor-post-info__item--type-custom\">\n\t\t\t\t\t\t\t\t\t\tCalls for papers\t\t\t\t\t<\/span>\n\t\t\t\t\t\t\t\t<\/li>\n\t\t\t\t<\/ul>\n\t\t\t\t\t\t<\/div>\n\t\t\t\t<\/div>\n\t\t<!-- dce invisible element 677e495 --><!-- dce invisible element c738335 --><!-- dce invisible element 4439d9b -->\t\t<div class=\"elementor-element elementor-element-6541b96 elementor-widget__width-auto elementor-widget elementor-widget-heading\" data-id=\"6541b96\" data-element_type=\"widget\" data-widget_type=\"heading.default\">\n\t\t\t\t<div class=\"elementor-widget-container\">\n\t\t\t\t\t<span class=\"elementor-heading-title elementor-size-default\">22 December 2025<\/span>\t\t\t\t<\/div>\n\t\t\t\t<\/div>\n\t\t\t\t<div class=\"elementor-element elementor-element-fcef835 elementor-widget elementor-widget-heading\" data-id=\"fcef835\" data-element_type=\"widget\" data-widget_type=\"heading.default\">\n\t\t\t\t<div class=\"elementor-widget-container\">\n\t\t\t\t\t<h3 class=\"elementor-heading-title elementor-size-default\">Prendre soin pour transformer : Care management, innovation responsable et nouveaux visages de la RSE<\/h3>\t\t\t\t<\/div>\n\t\t\t\t<\/div>\n\t\t\t\t\t<\/div>\n\t\t<\/div>\n\t\t\t\t\t<\/div>\n\t\t<\/section>\n\t\t\t\t<\/div>\n\t\t\t\t<\/article>\n\t\t\t\t<article id=\"post-79304\" class=\"elementor-post elementor-grid-item ecs-post-loop post-79304 appel_communication type-appel_communication status-publish has-post-thumbnail hentry thematiques-gestion-des-ressources-humaines thematiques-histoire-des-entreprises thematiques-management-strategique-et-organisation thematiques-sciences-de-gestion\">\n\t\t\t\t<div data-elementor-type=\"loop\" data-elementor-id=\"12184\" class=\"elementor elementor-12184 elementor-349 post-79304 appel_communication type-appel_communication status-publish has-post-thumbnail hentry thematiques-gestion-des-ressources-humaines thematiques-histoire-des-entreprises thematiques-management-strategique-et-organisation thematiques-sciences-de-gestion\" data-elementor-post-type=\"elementor_library\">\n\t\t\t<style>#post-79304 .elementor-12184 .elementor-element.elementor-element-c001464:not(.elementor-motion-effects-element-type-background), #post-79304 .elementor-12184 .elementor-element.elementor-element-c001464 > .elementor-motion-effects-container > .elementor-motion-effects-layer{background-image: url(\"https:\/\/staging.fnege.org\/wp-content\/uploads\/2025\/12\/CfC-694403b05dc0a.jpg\");}<\/style>\t\t<section class=\"elementor-section elementor-top-section elementor-element elementor-element-c001464 elementor-section-height-min-height elementor-section-items-stretch elementor-section-content-bottom encart elementor-section-boxed elementor-section-height-default\" data-id=\"c001464\" data-element_type=\"section\" data-settings=\"{&quot;background_background&quot;:&quot;classic&quot;}\">\n\t\t\t\t\t\t\t<div class=\"elementor-background-overlay\"><\/div>\n\t\t\t\t\t\t\t<div class=\"elementor-container elementor-column-gap-default\">\n\t\t\t\t\t<div class=\"make-column-clickable-elementor elementor-column elementor-col-100 elementor-top-column elementor-element elementor-element-9f2a3e8\" style=\"cursor: pointer;\" data-column-clickable=\"https:\/\/staging.fnege.org\/en\/appel_communication\/call-for-chapters-cfc-research-handbook-on-religious-identity-in-the-workplace\/\" data-column-clickable-blank=\"_self\" data-id=\"9f2a3e8\" data-element_type=\"column\" data-settings=\"{&quot;background_background&quot;:&quot;classic&quot;}\">\n\t\t\t<div class=\"elementor-widget-wrap elementor-element-populated\">\n\t\t\t\t\t<div class=\"elementor-background-overlay\"><\/div>\n\t\t\t\t<!-- dce invisible element 2ba5d71 --><!-- dce invisible element 4253d28 -->\t\t<div class=\"dce-visibility-event elementor-element elementor-element-857dabd elementor-widget__width-auto elementor-widget elementor-widget-post-info\" data-id=\"857dabd\" data-element_type=\"widget\" data-settings=\"{&quot;enabled_visibility&quot;:&quot;yes&quot;,&quot;dce_visibility_selected&quot;:&quot;yes&quot;}\" data-widget_type=\"post-info.default\">\n\t\t\t\t<div class=\"elementor-widget-container\">\n\t\t\t\t\t\t\t<ul class=\"elementor-inline-items elementor-icon-list-items elementor-post-info\">\n\t\t\t\t\t\t\t\t<li class=\"elementor-icon-list-item elementor-repeater-item-3e022af elementor-inline-item\">\n\t\t\t\t\t\t\t\t\t\t\t\t\t<span class=\"elementor-icon-list-text elementor-post-info__item elementor-post-info__item--type-custom\">\n\t\t\t\t\t\t\t\t\t\tCalls for papers\t\t\t\t\t<\/span>\n\t\t\t\t\t\t\t\t<\/li>\n\t\t\t\t<\/ul>\n\t\t\t\t\t\t<\/div>\n\t\t\t\t<\/div>\n\t\t<!-- dce invisible element 677e495 --><!-- dce invisible element c738335 --><!-- dce invisible element 4439d9b -->\t\t<div class=\"elementor-element elementor-element-6541b96 elementor-widget__width-auto elementor-widget elementor-widget-heading\" data-id=\"6541b96\" data-element_type=\"widget\" data-widget_type=\"heading.default\">\n\t\t\t\t<div class=\"elementor-widget-container\">\n\t\t\t\t\t<span class=\"elementor-heading-title elementor-size-default\">19 December 2025<\/span>\t\t\t\t<\/div>\n\t\t\t\t<\/div>\n\t\t\t\t<div class=\"elementor-element elementor-element-fcef835 elementor-widget elementor-widget-heading\" data-id=\"fcef835\" data-element_type=\"widget\" data-widget_type=\"heading.default\">\n\t\t\t\t<div class=\"elementor-widget-container\">\n\t\t\t\t\t<h3 class=\"elementor-heading-title elementor-size-default\">Call for Chapters (CfC) &#8211; Research Handbook on Religious Identity in the Workplace<\/h3>\t\t\t\t<\/div>\n\t\t\t\t<\/div>\n\t\t\t\t\t<\/div>\n\t\t<\/div>\n\t\t\t\t\t<\/div>\n\t\t<\/section>\n\t\t\t\t<\/div>\n\t\t\t\t<\/article>\n\t\t\t\t<article id=\"post-79273\" class=\"elementor-post elementor-grid-item ecs-post-loop post-79273 appel_communication type-appel_communication status-publish has-post-thumbnail hentry\">\n\t\t\t\t<div data-elementor-type=\"loop\" data-elementor-id=\"12184\" class=\"elementor elementor-12184 elementor-349 post-79273 appel_communication type-appel_communication status-publish has-post-thumbnail hentry\" data-elementor-post-type=\"elementor_library\">\n\t\t\t<style>#post-79273 .elementor-12184 .elementor-element.elementor-element-c001464:not(.elementor-motion-effects-element-type-background), #post-79273 .elementor-12184 .elementor-element.elementor-element-c001464 > .elementor-motion-effects-container > .elementor-motion-effects-layer{background-image: url(\"https:\/\/staging.fnege.org\/wp-content\/uploads\/2025\/12\/Capture-decran-2025-12-17-a-12.03.36.png\");}<\/style>\t\t<section class=\"elementor-section elementor-top-section elementor-element elementor-element-c001464 elementor-section-height-min-height elementor-section-items-stretch elementor-section-content-bottom encart elementor-section-boxed elementor-section-height-default\" data-id=\"c001464\" data-element_type=\"section\" data-settings=\"{&quot;background_background&quot;:&quot;classic&quot;}\">\n\t\t\t\t\t\t\t<div class=\"elementor-background-overlay\"><\/div>\n\t\t\t\t\t\t\t<div class=\"elementor-container elementor-column-gap-default\">\n\t\t\t\t\t<div class=\"make-column-clickable-elementor elementor-column elementor-col-100 elementor-top-column elementor-element elementor-element-9f2a3e8\" style=\"cursor: pointer;\" data-column-clickable=\"https:\/\/staging.fnege.org\/en\/appel_communication\/appel-a-communication-pour-la-13eme-conference-annuelle-de-lassociation-afmat-et-la-12eme-conference-annuelle-de-lassociation-arimhe\/\" data-column-clickable-blank=\"_self\" data-id=\"9f2a3e8\" data-element_type=\"column\" data-settings=\"{&quot;background_background&quot;:&quot;classic&quot;}\">\n\t\t\t<div class=\"elementor-widget-wrap elementor-element-populated\">\n\t\t\t\t\t<div class=\"elementor-background-overlay\"><\/div>\n\t\t\t\t<!-- dce invisible element 2ba5d71 --><!-- dce invisible element 4253d28 -->\t\t<div class=\"dce-visibility-event elementor-element elementor-element-857dabd elementor-widget__width-auto elementor-widget elementor-widget-post-info\" data-id=\"857dabd\" data-element_type=\"widget\" data-settings=\"{&quot;enabled_visibility&quot;:&quot;yes&quot;,&quot;dce_visibility_selected&quot;:&quot;yes&quot;}\" data-widget_type=\"post-info.default\">\n\t\t\t\t<div class=\"elementor-widget-container\">\n\t\t\t\t\t\t\t<ul class=\"elementor-inline-items elementor-icon-list-items elementor-post-info\">\n\t\t\t\t\t\t\t\t<li class=\"elementor-icon-list-item elementor-repeater-item-3e022af elementor-inline-item\">\n\t\t\t\t\t\t\t\t\t\t\t\t\t<span class=\"elementor-icon-list-text elementor-post-info__item elementor-post-info__item--type-custom\">\n\t\t\t\t\t\t\t\t\t\tCalls for papers\t\t\t\t\t<\/span>\n\t\t\t\t\t\t\t\t<\/li>\n\t\t\t\t<\/ul>\n\t\t\t\t\t\t<\/div>\n\t\t\t\t<\/div>\n\t\t<!-- dce invisible element 677e495 --><!-- dce invisible element c738335 --><!-- dce invisible element 4439d9b -->\t\t<div class=\"elementor-element elementor-element-6541b96 elementor-widget__width-auto elementor-widget elementor-widget-heading\" data-id=\"6541b96\" data-element_type=\"widget\" data-widget_type=\"heading.default\">\n\t\t\t\t<div class=\"elementor-widget-container\">\n\t\t\t\t\t<span class=\"elementor-heading-title elementor-size-default\">17 December 2025<\/span>\t\t\t\t<\/div>\n\t\t\t\t<\/div>\n\t\t\t\t<div class=\"elementor-element elementor-element-fcef835 elementor-widget elementor-widget-heading\" data-id=\"fcef835\" data-element_type=\"widget\" data-widget_type=\"heading.default\">\n\t\t\t\t<div class=\"elementor-widget-container\">\n\t\t\t\t\t<h3 class=\"elementor-heading-title elementor-size-default\">Appel \u00e0 communication pour la 13\u00e8me conf\u00e9rence annuelle de l\u2019association AFMAT et la 12\u00e8me conf\u00e9rence annuelle de l\u2019association ARIMHE<\/h3>\t\t\t\t<\/div>\n\t\t\t\t<\/div>\n\t\t\t\t\t<\/div>\n\t\t<\/div>\n\t\t\t\t\t<\/div>\n\t\t<\/section>\n\t\t\t\t<\/div>\n\t\t\t\t<\/article>\n\t\t\t\t<\/div>\n\t\t\t\t\t\t<\/div>\n\t\t\t\t<\/div>\n\t\t\t\t\t<\/div>\n\t\t<\/div>\n\t\t\t\t\t<\/div>\n\t\t<\/section>\n\t\t\t\t<\/div>\n\t\t","protected":false},"excerpt":{"rendered":"<p>The FNEGE brings together the chairpersons of the various management science associations in a Management Science Board. The Management Science Board meets in a plenary session twice a year and coordinates projects such as:\u00a0\u00a0\u00a0\u00a0\u00a0\u00a0\u00a0\u00a0\u00a0 The ranking of management science journals The organization of best thesis prizes and book awards Support for the FNEGE&#8217;s CEFAG program, [&hellip;]<\/p>\n","protected":false},"author":2,"featured_media":0,"parent":0,"menu_order":0,"comment_status":"closed","ping_status":"open","template":"","meta":{"_acf_changed":false,"inline_featured_image":false,"footnotes":""},"class_list":["post-11731","page","type-page","status-publish","hentry"],"acf":[],"publishpress_future_action":{"enabled":false,"date":"2026-04-16 12:56:55","action":"change-status","newStatus":"draft","terms":[],"taxonomy":"translation_priority"},"publishpress_future_workflow_manual_trigger":{"enabledWorkflows":[]},"_links":{"self":[{"href":"https:\/\/staging.fnege.org\/en\/wp-json\/wp\/v2\/pages\/11731","targetHints":{"allow":["GET"]}}],"collection":[{"href":"https:\/\/staging.fnege.org\/en\/wp-json\/wp\/v2\/pages"}],"about":[{"href":"https:\/\/staging.fnege.org\/en\/wp-json\/wp\/v2\/types\/page"}],"author":[{"embeddable":true,"href":"https:\/\/staging.fnege.org\/en\/wp-json\/wp\/v2\/users\/2"}],"replies":[{"embeddable":true,"href":"https:\/\/staging.fnege.org\/en\/wp-json\/wp\/v2\/comments?post=11731"}],"version-history":[{"count":4,"href":"https:\/\/staging.fnege.org\/en\/wp-json\/wp\/v2\/pages\/11731\/revisions"}],"predecessor-version":[{"id":75702,"href":"https:\/\/staging.fnege.org\/en\/wp-json\/wp\/v2\/pages\/11731\/revisions\/75702"}],"wp:attachment":[{"href":"https:\/\/staging.fnege.org\/en\/wp-json\/wp\/v2\/media?parent=11731"}],"curies":[{"name":"wp","href":"https:\/\/api.w.org\/{rel}","templated":true}]}}